{"id":87,"date":"2021-04-07T21:33:50","date_gmt":"2021-04-08T02:33:50","guid":{"rendered":"https:\/\/stg.socialskin.com\/comunidad\/?page_id=87"},"modified":"2022-08-03T18:10:12","modified_gmt":"2022-08-03T23:10:12","slug":"politica-de-privacidad","status":"publish","type":"page","link":"https:\/\/dev.socialskin.com\/comunidad\/politica-de-privacidad\/","title":{"rendered":"Pol\u00edtica de privacidad"},"content":{"rendered":"<h2>Condiciones de uso del sitio web<\/h2>\n<hr \/>\n<h3><strong>Pol\u00edtica de datos de navegaci\u00f3n<\/strong><\/h3>\n<h4>1. \u00bfQU\u00c9 SON Y QUE NO SON LAS COOKIES\/DATOS DE NAVEGACI\u00d3N?<\/h4>\n<p>Las cookies\/datos de navegaci\u00f3n son peque\u00f1os archivos de informaci\u00f3n o fragmentos de texto enviados por un Portal o Aplicaci\u00f3n tecnol\u00f3gica de propiedad de El Grupo Bol\u00edvar S.A. o alguna de sus sociedades controladas o que se encuentren bajo el mismo nivel de control y que se almacenan en el navegador o dispositivo del usuario. A trav\u00e9s de las cookies, los Portales recuerdan informaci\u00f3n sobre la visita de los usuarios, lo que permite que se proporcione una mejor y m\u00e1s segura experiencia de navegaci\u00f3n en el mismo. Las cookies se asocian tanto a usuarios an\u00f3nimos, es decir, aquellos que visitan los Portales sin identificarse o registrarse, como aquellos que s\u00ed lo hacen.<\/p>\n<p>Por otro lado, las cookies no son un virus o cualquier otro tipo de programa malicioso que pueda da\u00f1ar dispositivos de los usuarios. Adicionalmente las cookies no pueden borrar ni leer informaci\u00f3n del computador o dispositivo de los usuarios.<\/p>\n<h4>2. \u00bfC\u00d3MO OBTIENE El GRUPO BOL\u00cdVAR LAS COOKIES?<\/h4>\n<p>Las cookies se crean y\/o actualizan en el computador o dispositivo del usuario de manera autom\u00e1tica, cuando \u00e9ste accede a un Portal de El Grupo Bol\u00edvar S.A. , lo cual permite al Grupo Bol\u00edvar S.A. o a las terceras personas que este contrate, realizar seguimiento a las cookies del usuario y por ende a la informaci\u00f3n que estas cookies contienen u obtienen del usuario. Es importante aclarar que las cookies s\u00f3lo son le\u00eddas por el sitio web que las cre\u00f3.<\/p>\n<h4>3 \u00bfQU\u00c9 CLASE DE COOKIES UTILIZA EL GRUPO BOL\u00cdVAR Y PARA QU\u00c9 LAS UTILIZA?<\/h4>\n<p>&nbsp;<\/p>\n<h4>4 \u00bfPUEDO DESHABILITAR LA INSTALACI\u00d3N Y USO DE COOKIES POR PARTE DE EL GRUPO BOL\u00cdVAR?<\/h4>\n<p>El usuario puede deshabilitar tanto la instalaci\u00f3n de las cookies como el uso de las mismas por parte del Grupo Bol\u00edvar S.A. Para deshabilitar la instalaci\u00f3n y uso de cookies el usuario deber\u00e1 realizar el procedimiento por navegador tal como se indica a continuaci\u00f3n:<\/p>\n<p><strong>Internet Explorer:<\/strong><br \/>\nHerramientas &gt; Opciones de Internet &amp;gt; Privacidad &gt; Configuraci\u00f3n.<br \/>\nPara m\u00e1s informaci\u00f3n, puede consultar el Soporte de Microsoft o la Ayuda del navegador<\/p>\n<p><strong>Firefox:<\/strong><br \/>\nHerramientas &gt; Opciones &gt; Privacidad &gt; Historial &gt; Configuraci\u00f3n Personalizada.<br \/>\nPara m\u00e1s informaci\u00f3n, puede consultar el Soporte de Mozilla o la Ayuda del navegador.<\/p>\n<p><strong>Chrome: <\/strong><br \/>\nConfiguraci\u00f3n &gt; Mostrar opciones avanzadas &gt; Privacidad &gt; Configuraci\u00f3n de contenido.<br \/>\nPara m\u00e1s informaci\u00f3n, puede consultar el Soporte de Google o la Ayuda del navegador.<\/p>\n<p><strong>Safari:<\/strong><br \/>\nPreferencias &gt; Seguridad.<br \/>\nPara m\u00e1s informaci\u00f3n, puede consultar el Soporte de Apple o la Ayuda del navegador.<\/p>\n<p>Los sistemas de opt-out indicados anteriormente pueden conllevar que se instale en su equipo una cookie \u00abde rechazo\u00bb para que funcione su elecci\u00f3n de desactivaci\u00f3n.<br \/>\nAdicionalmente, existen otras herramientas de terceros, disponibles on line, que permiten a los usuarios detectar las cookies en cada sitio web que visita y gestionar su desactivaci\u00f3n, por ejemplo:<br \/>\nGhostery: <a href=\"http:\/\/www.ghostery.com\/faq\">http:\/\/www.ghostery.com\/faq<\/a><br \/>\nVanilla Cookie Manager: <a href=\"https:\/\/chrome.google.com\/webstore\/detail\/vanilla-cookie-manager\/\">https:\/\/chrome.google.com\/webstore\/detail\/vanilla-cookie-manager\/<\/a><\/p>\n<h4>5 \u00bfQU\u00c9 OCURRE SI SE DESHABILITAN LAS COOKIES?<\/h4>\n<p>Si el usuario deshabilita la instalaci\u00f3n o el uso de las cookies para los Portales, podr\u00e1 perder o afectar algunas funcionalidades del sitio, como por ejemplo:<\/p>\n<p>Poder ingresar a los Portales sin necesidad de indicar en cada ocasi\u00f3n su usuario y contrase\u00f1a, esto le ahorrar\u00e1 tiempo y le permitir\u00e1 utilizar funcionalidades como boletines, alertas, noticias guardadas, entre otros.<\/p>\n<p>Publicaci\u00f3n de comentarios dentro de los Portales.<br \/>\nAcceso al contenido sin restricci\u00f3n dentro de los Portales.<br \/>\nSeguridad en el uso de la informaci\u00f3n que se ingresa en los Portales.<br \/>\nRapidez en el uso de alg\u00fan servicio dentro de los Portales.<\/p>\n<p><strong>6. \u00bfEL GRUPO BOL\u00cdVAR COMPARTE LA INFORMACI\u00d3N OBTENIDA A TRAV\u00c9S DE LAS COOKIES CON TERCERAS PERSONAS? <\/strong><\/p>\n<p>El Grupo Bol\u00edvar S.A. podr\u00e1 compartir informaci\u00f3n obtenida a trav\u00e9s de las cookies con personas externas o terceros (aliados, clientes, proveedores o empresas vinculadas al Grupo Bol\u00edvar S.A.), con el fin de mejorar la usabilidad y servicios al usuario. As\u00ed mismo, la informaci\u00f3n que se recibe a trav\u00e9s de las cookies ser\u00e1 utilizada por El Grupo Bol\u00edvar S.A. y los anteriores terceros, para los fines descritos en el presente documento, los indicados en nuestra Pol\u00edtica de privacidad, y cualquiera de sus actualizaciones.<\/p>\n<p><strong>7. \u00bfD\u00d3NDE EST\u00c1 ALMACENADA LA INFORMACI\u00d3N OBTENIDA A TRAV\u00c9S DE LAS COOKIES? <\/strong><\/p>\n<p>El Grupo Bol\u00edvar S.A. podr\u00e1 contratar terceras personas encargadas de almacenar y obtener la informaci\u00f3n a trav\u00e9s de las cookies, o que incluyan cookies dentro de los portales del Grupo Bol\u00edvar S.A., personas que podr\u00e1n estar localizadas dentro de Colombia o en el exterior. As\u00ed mismo, El Grupo Bol\u00edvar S.A. podr\u00e1 entregar a terceros, la informaci\u00f3n que se obtenga de las cookies para crear perfiles de usuarios, ofrecer campa\u00f1as personalizadas, sin que lo anterior, implique entrega de informaci\u00f3n personal.<\/p>\n","protected":false},"excerpt":{"rendered":"<p>Condiciones de uso del sitio web Pol\u00edtica de datos de navegaci\u00f3n 1. \u00bfQU\u00c9 SON Y QUE NO SON LAS COOKIES\/DATOS DE NAVEGACI\u00d3N? Las cookies\/datos de navegaci\u00f3n son peque\u00f1os archivos de [&hellip;]<\/p>\n","protected":false},"author":1,"featured_media":0,"parent":0,"menu_order":0,"comment_status":"closed","ping_status":"closed","template":"page-fullwidth.php","meta":{"inline_featured_image":false},"yoast_head":"<!-- This site is optimized with the Yoast SEO plugin v20.5 - https:\/\/yoast.com\/wordpress\/plugins\/seo\/ -->\n<title>Pol\u00edtica de privacidad - Prueba<\/title>\n<meta name=\"robots\" content=\"noindex, follow, max-snippet:-1, max-image-preview:large, max-video-preview:-1\" \/>\n<meta property=\"og:locale\" content=\"es_ES\" \/>\n<meta property=\"og:type\" content=\"article\" \/>\n<meta property=\"og:title\" content=\"Pol\u00edtica de privacidad - Prueba\" \/>\n<meta property=\"og:description\" content=\"Condiciones de uso del sitio web Pol\u00edtica de datos de navegaci\u00f3n 1. \u00bfQU\u00c9 SON Y QUE NO SON LAS COOKIES\/DATOS DE NAVEGACI\u00d3N? Las cookies\/datos de navegaci\u00f3n son peque\u00f1os archivos de [&hellip;]\" \/>\n<meta property=\"og:url\" content=\"https:\/\/stg.socialskin.com\/comunidad\/politica-de-privacidad\/\" \/>\n<meta property=\"og:site_name\" content=\"Prueba\" \/>\n<meta property=\"article:modified_time\" content=\"2022-08-03T23:10:12+00:00\" \/>\n<meta name=\"twitter:card\" content=\"summary_large_image\" \/>\n<meta name=\"twitter:label1\" content=\"Tiempo de lectura\" \/>\n\t<meta name=\"twitter:data1\" content=\"4 minutos\" \/>\n<script type=\"application\/ld+json\" class=\"yoast-schema-graph\">{\"@context\":\"https:\/\/schema.org\",\"@graph\":[{\"@type\":\"WebPage\",\"@id\":\"https:\/\/stg.socialskin.com\/comunidad\/politica-de-privacidad\/\",\"url\":\"https:\/\/stg.socialskin.com\/comunidad\/politica-de-privacidad\/\",\"name\":\"Pol\u00edtica de privacidad - Prueba\",\"isPartOf\":{\"@id\":\"https:\/\/stg.socialskin.com\/comunidad\/#website\"},\"datePublished\":\"2021-04-08T02:33:50+00:00\",\"dateModified\":\"2022-08-03T23:10:12+00:00\",\"breadcrumb\":{\"@id\":\"https:\/\/stg.socialskin.com\/comunidad\/politica-de-privacidad\/#breadcrumb\"},\"inLanguage\":\"es\",\"potentialAction\":[{\"@type\":\"ReadAction\",\"target\":[\"https:\/\/stg.socialskin.com\/comunidad\/politica-de-privacidad\/\"]}]},{\"@type\":\"BreadcrumbList\",\"@id\":\"https:\/\/stg.socialskin.com\/comunidad\/politica-de-privacidad\/#breadcrumb\",\"itemListElement\":[{\"@type\":\"ListItem\",\"position\":1,\"name\":\"Inicio\",\"item\":\"https:\/\/stg.socialskin.com\/comunidad\/\"},{\"@type\":\"ListItem\",\"position\":2,\"name\":\"Pol\u00edtica de privacidad\"}]},{\"@type\":\"WebSite\",\"@id\":\"https:\/\/stg.socialskin.com\/comunidad\/#website\",\"url\":\"https:\/\/stg.socialskin.com\/comunidad\/\",\"name\":\"Prueba\",\"description\":\"Otro sitio realizado con WordPress\",\"publisher\":{\"@id\":\"https:\/\/stg.socialskin.com\/comunidad\/#organization\"},\"potentialAction\":[{\"@type\":\"SearchAction\",\"target\":{\"@type\":\"EntryPoint\",\"urlTemplate\":\"https:\/\/stg.socialskin.com\/comunidad\/?s={search_term_string}\"},\"query-input\":\"required name=search_term_string\"}],\"inLanguage\":\"es\"},{\"@type\":\"Organization\",\"@id\":\"https:\/\/stg.socialskin.com\/comunidad\/#organization\",\"name\":\"Social Skin - Comunidad\",\"url\":\"https:\/\/stg.socialskin.com\/comunidad\/\",\"logo\":{\"@type\":\"ImageObject\",\"inLanguage\":\"es\",\"@id\":\"https:\/\/stg.socialskin.com\/comunidad\/#\/schema\/logo\/image\/\",\"url\":\"https:\/\/di0sglc4ew7ue.cloudfront.net\/comunidad\/wp-content\/uploads\/2021\/04\/09204156\/logo_comunidades.png\",\"contentUrl\":\"https:\/\/di0sglc4ew7ue.cloudfront.net\/comunidad\/wp-content\/uploads\/2021\/04\/09204156\/logo_comunidades.png\",\"width\":165,\"height\":59,\"caption\":\"Social Skin - Comunidad\"},\"image\":{\"@id\":\"https:\/\/stg.socialskin.com\/comunidad\/#\/schema\/logo\/image\/\"}}]}<\/script>\n<!-- \/ Yoast SEO plugin. -->","yoast_head_json":{"title":"Pol\u00edtica de privacidad - Prueba","robots":{"index":"noindex","follow":"follow","max-snippet":"max-snippet:-1","max-image-preview":"max-image-preview:large","max-video-preview":"max-video-preview:-1"},"og_locale":"es_ES","og_type":"article","og_title":"Pol\u00edtica de privacidad - Prueba","og_description":"Condiciones de uso del sitio web Pol\u00edtica de datos de navegaci\u00f3n 1. \u00bfQU\u00c9 SON Y QUE NO SON LAS COOKIES\/DATOS DE NAVEGACI\u00d3N? Las cookies\/datos de navegaci\u00f3n son peque\u00f1os archivos de [&hellip;]","og_url":"https:\/\/stg.socialskin.com\/comunidad\/politica-de-privacidad\/","og_site_name":"Prueba","article_modified_time":"2022-08-03T23:10:12+00:00","twitter_card":"summary_large_image","twitter_misc":{"Tiempo de lectura":"4 minutos"},"schema":{"@context":"https:\/\/schema.org","@graph":[{"@type":"WebPage","@id":"https:\/\/stg.socialskin.com\/comunidad\/politica-de-privacidad\/","url":"https:\/\/stg.socialskin.com\/comunidad\/politica-de-privacidad\/","name":"Pol\u00edtica de privacidad - Prueba","isPartOf":{"@id":"https:\/\/stg.socialskin.com\/comunidad\/#website"},"datePublished":"2021-04-08T02:33:50+00:00","dateModified":"2022-08-03T23:10:12+00:00","breadcrumb":{"@id":"https:\/\/stg.socialskin.com\/comunidad\/politica-de-privacidad\/#breadcrumb"},"inLanguage":"es","potentialAction":[{"@type":"ReadAction","target":["https:\/\/stg.socialskin.com\/comunidad\/politica-de-privacidad\/"]}]},{"@type":"BreadcrumbList","@id":"https:\/\/stg.socialskin.com\/comunidad\/politica-de-privacidad\/#breadcrumb","itemListElement":[{"@type":"ListItem","position":1,"name":"Inicio","item":"https:\/\/stg.socialskin.com\/comunidad\/"},{"@type":"ListItem","position":2,"name":"Pol\u00edtica de privacidad"}]},{"@type":"WebSite","@id":"https:\/\/stg.socialskin.com\/comunidad\/#website","url":"https:\/\/stg.socialskin.com\/comunidad\/","name":"Prueba","description":"Otro sitio realizado con WordPress","publisher":{"@id":"https:\/\/stg.socialskin.com\/comunidad\/#organization"},"potentialAction":[{"@type":"SearchAction","target":{"@type":"EntryPoint","urlTemplate":"https:\/\/stg.socialskin.com\/comunidad\/?s={search_term_string}"},"query-input":"required name=search_term_string"}],"inLanguage":"es"},{"@type":"Organization","@id":"https:\/\/stg.socialskin.com\/comunidad\/#organization","name":"Social Skin - Comunidad","url":"https:\/\/stg.socialskin.com\/comunidad\/","logo":{"@type":"ImageObject","inLanguage":"es","@id":"https:\/\/stg.socialskin.com\/comunidad\/#\/schema\/logo\/image\/","url":"https:\/\/di0sglc4ew7ue.cloudfront.net\/comunidad\/wp-content\/uploads\/2021\/04\/09204156\/logo_comunidades.png","contentUrl":"https:\/\/di0sglc4ew7ue.cloudfront.net\/comunidad\/wp-content\/uploads\/2021\/04\/09204156\/logo_comunidades.png","width":165,"height":59,"caption":"Social Skin - Comunidad"},"image":{"@id":"https:\/\/stg.socialskin.com\/comunidad\/#\/schema\/logo\/image\/"}}]}},"_links":{"self":[{"href":"https:\/\/dev.socialskin.com\/comunidad\/wp-json\/wp\/v2\/pages\/87"}],"collection":[{"href":"https:\/\/dev.socialskin.com\/comunidad\/wp-json\/wp\/v2\/pages"}],"about":[{"href":"https:\/\/dev.socialskin.com\/comunidad\/wp-json\/wp\/v2\/types\/page"}],"author":[{"embeddable":true,"href":"https:\/\/dev.socialskin.com\/comunidad\/wp-json\/wp\/v2\/users\/1"}],"replies":[{"embeddable":true,"href":"https:\/\/dev.socialskin.com\/comunidad\/wp-json\/wp\/v2\/comments?post=87"}],"version-history":[{"count":18,"href":"https:\/\/dev.socialskin.com\/comunidad\/wp-json\/wp\/v2\/pages\/87\/revisions"}],"predecessor-version":[{"id":12279,"href":"https:\/\/dev.socialskin.com\/comunidad\/wp-json\/wp\/v2\/pages\/87\/revisions\/12279"}],"wp:attachment":[{"href":"https:\/\/dev.socialskin.com\/comunidad\/wp-json\/wp\/v2\/media?parent=87"}],"curies":[{"name":"wp","href":"https:\/\/api.w.org\/{rel}","templated":true}]}}